{"id":3,"date":"2023-11-08T21:13:17","date_gmt":"2023-11-08T20:13:17","guid":{"rendered":"https:\/\/wp64.you2.pl\/?page_id=3"},"modified":"2024-06-16T16:20:29","modified_gmt":"2024-06-16T14:20:29","slug":"polityka-prywatnosci","status":"publish","type":"page","link":"https:\/\/dev.assistance24h.com\/?page_id=3","title":{"rendered":"POLITYKA PRYWATNO\u015aCI"},"content":{"rendered":"\n<p><strong>KLAUZULA INFORMACYJNA<\/strong><\/p>\n\n\n\n<p>Celem niniejszej informacji jest wyja\u015bnienie, w jaki spos\u00f3b i do jakich cel\u00f3w wykorzystujemy Pana\/Pani dane osobowe. Prosimy o uwa\u017cne zapoznanie si\u0119 z tre\u015bci\u0105 niniejszej informacji.<\/p>\n\n\n\n<p><strong>1. ADMINISTRATOR DANYCH OSOBOWYCH<\/strong><\/p>\n\n\n\n<p>Administratorem danych osobowych jest ASSISTANCE SP\u00d3\u0141KA z o.o. &nbsp;z siedzib\u0105 we Wroc\u0142awiu przy Al. Armii Krajowej 14a\/5, 50-541, KRS 0000964765, NIP 8992922585, REGON 521713490,                               e-mail: <a href=\"mailto:kontakt@assistance24h.com\">kontakt@assistance24h.com<\/a><\/p>\n\n\n\n<p><strong>2. CEL PRZETWARZANIA DANYCH OSOBOWYCH<\/strong><\/p>\n\n\n\n<p class=\"has-text-align-left\">ASSISTANCE SP\u00d3\u0141KA z o.o. b\u0119dzie wykorzystywa\u0107 Pana\/Pani dane osobowe do wykonania umowy ubezpieczenia i oceny ryzyka ubezpieczeniowego (art. 6 ust. 1 lit. c oraz art. 9 ust. 2 lit. b Rozporz\u0105dzenia Parlamentu Europejskiego i Rady {UE} 2016\/679 z dnia 27 kwietnia 2016 r., dalej \u201eRODO\u201d); do zawarcia umowy ubezpieczenia (art. 6 ust. 1 lit. b RODO); do rozpatrywania reklamacji (art. 6 ust. 1 lit. c RODO); do dzia\u0142a\u0144 marketingowych i promocyjnych (art. 6 ust. 1 lit. a RODO); do podejmowania czynno\u015bci zwi\u0105zanych z przeciwdzia\u0142aniem przest\u0119pstwom i naruszeniom sankcji mi\u0119dzynarodowych, co stanowi prawnie uzasadniony interes realizowany przez Administratora (art. 6 ust. 1 lit. f RODO); do ewentualnego ustalenia, dochodzenia lub obrony przed roszczeniami, co stanowi prawnie uzasadniony interes realizowany przez Administratora (art. 6 ust. 1 lit. f oraz art. 9 ust 2 lit f RODO).<\/p>\n\n\n\n<p><strong>3. PRZETWARZANE DANE OSOBOWE<\/strong><\/p>\n\n\n\n<p>Przetwarzane b\u0119d\u0105 wy\u0142\u0105cznie dane osobowe, kt\u00f3re s\u0105 niezb\u0119dne do powy\u017cszych cel\u00f3w. ASSISTANCE SP\u00d3\u0141KA z o.o. b\u0119dzie wykorzystywa\u0107 w szczeg\u00f3lno\u015bci: imi\u0119, nazwisko, PESEL, adres zamieszkania, numer telefonu, adres mailowy, adres zamieszkania.<\/p>\n\n\n\n<p><strong>4. ODBIORCY DANYCH OSOBOWYCH<\/strong><\/p>\n\n\n\n<p>Mo\u017cemy przekazywa\u0107 Pana\/Pani dane osobowe innym podmiotom z grupy Sp\u00f3\u0142ki ASSISTANCE, agentom ubezpieczeniowym, dostawcom us\u0142ug informatycznych a tak\u017ce podmiotom, kt\u00f3rymi ASSISTANCE SP\u00d3\u0141KA z o.o. pos\u0142uguje si\u0119 przy \u015bwiadczeniu us\u0142ug obj\u0119tych umow\u0105 ubezpieczenia oraz organom nadzoru nad rynkiem ubezpieczeniowym takim jak Komisja Nadzoru Finansowego, czy Rzecznik Finansowy. W przypadku ubezpieczenia obejmuj\u0105cego swym zakresem pa\u0144stwa znajduj\u0105ce si\u0119 poza Europejskim Obszarem Gospodarczym (EOG) Pana\/i dane osobowe mog\u0105 zosta\u0107 przekazane poza EOG. W celu uzyskania kopii danych nale\u017cy kontaktowa\u0107 si\u0119 na adres e-mail: kontakt@assistance24h.com<\/p>\n\n\n\n<p><strong>5. ZAKRES PRZETWARZANIA DANYCH OSOBOWYCH<\/strong><\/p>\n\n\n\n<p>Przekazanie Pana\/Pani danych jest wymagane ze wzgl\u0119du na realizacj\u0119 postanowie\u0144 umowy ubezpieczenia. W przypadku ich nieprzekazania nie jest mo\u017cliwe zawarcie umowy ubezpieczenia. W przypadku danych zbieranych w celach marketingowych ich podanie jest dobrowolne, a nieprzekazanie danych nie powoduje negatywnych skutk\u00f3w. Pana\/i dane osobowe w zakresie wskazanym w pkt. 3 mog\u0142y r\u00f3wnie\u017c zosta\u0107 przekazane do ASSISTANCE SP\u00d3\u0141KA z o.o. przez ubezpieczaj\u0105cego lub brokera ubezpieczaj\u0105cego.<\/p>\n\n\n\n<p><strong>6. UPRAWNIENIA<\/strong><\/p>\n\n\n\n<p>W odniesieniu do w\u0142asnych danych osobowych przys\u0142uguje Panu\/Pani prawo: dost\u0119pu do w\u0142asnych danych osobowych; ich sprostowania (poprawienia); usuni\u0119cia danych osobowych; ograniczenia przetwarzania; przenoszenia danych osobowych; sprzeciwu wobec przetwarzania; wycofania zgody na przetwarzanie w dowolnym momencie, co nie wp\u0142ywa na zgodno\u015b\u0107 z prawem przetwarzania przed wycofaniem zgody oraz prawo do wniesienia skargi do organu nadzorczego tj. Prezesa Urz\u0119du Ochrony Danych Osobowych.<\/p>\n\n\n\n<p><strong>7. OKRES PRZECHOWYWANIA DANYCH<\/strong><\/p>\n\n\n\n<p>B\u0119dziemy przechowywa\u0107 Pana\/Pani dane do momentu wyga\u015bni\u0119cia Pana\/Pani roszcze\u0144 lub roszcze\u0144 Administratora zwi\u0105zanych z wykonaniem umowy ubezpieczenia, a nast\u0119pnie przez okres wymagany przepisami powszechnie obowi\u0105zuj\u0105cego prawa. W przypadku danych zebranych na podstawie zgody b\u0119d\u0105 one przechowywane do jej wycofania. Dane osobowe nie b\u0119d\u0105 podlega\u0142y procesowi zautomatyzowanego podejmowania decyzji, w tym profilowaniu.<\/p>\n","protected":false},"excerpt":{"rendered":"<p>KLAUZULA INFORMACYJNA Celem niniejszej informacji jest wyja\u015bnienie, w jaki spos\u00f3b i do jakich cel\u00f3w wykorzystujemy Pana\/Pani dane osobowe. Prosimy o uwa\u017cne zapoznanie si\u0119 z tre\u015bci\u0105 niniejszej informacji. 1. ADMINISTRATOR DANYCH OSOBOWYCH Administratorem danych osobowych jest ASSISTANCE SP\u00d3\u0141KA z o.o. &nbsp;z siedzib\u0105 we Wroc\u0142awiu przy Al. Armii Krajowej 14a\/5, 50-541, KRS 0000964765, NIP 8992922585, REGON 521713490, [&hellip;]<\/p>\n","protected":false},"author":1,"featured_media":0,"parent":0,"menu_order":0,"comment_status":"closed","ping_status":"open","template":"","meta":{"_acf_changed":false,"footnotes":""},"class_list":["post-3","page","type-page","status-publish","hentry"],"acf":[],"_links":{"self":[{"href":"https:\/\/dev.assistance24h.com\/index.php?rest_route=\/wp\/v2\/pages\/3","targetHints":{"allow":["GET"]}}],"collection":[{"href":"https:\/\/dev.assistance24h.com\/index.php?rest_route=\/wp\/v2\/pages"}],"about":[{"href":"https:\/\/dev.assistance24h.com\/index.php?rest_route=\/wp\/v2\/types\/page"}],"author":[{"embeddable":true,"href":"https:\/\/dev.assistance24h.com\/index.php?rest_route=\/wp\/v2\/users\/1"}],"replies":[{"embeddable":true,"href":"https:\/\/dev.assistance24h.com\/index.php?rest_route=%2Fwp%2Fv2%2Fcomments&post=3"}],"version-history":[{"count":6,"href":"https:\/\/dev.assistance24h.com\/index.php?rest_route=\/wp\/v2\/pages\/3\/revisions"}],"predecessor-version":[{"id":558,"href":"https:\/\/dev.assistance24h.com\/index.php?rest_route=\/wp\/v2\/pages\/3\/revisions\/558"}],"wp:attachment":[{"href":"https:\/\/dev.assistance24h.com\/index.php?rest_route=%2Fwp%2Fv2%2Fmedia&parent=3"}],"curies":[{"name":"wp","href":"https:\/\/api.w.org\/{rel}","templated":true}]}}